{"id":3,"date":"2022-11-12T12:03:42","date_gmt":"2022-11-12T12:03:42","guid":{"rendered":"https:\/\/bayer-psychotherapie.de\/?page_id=3"},"modified":"2026-02-03T12:19:08","modified_gmt":"2026-02-03T12:19:08","slug":"privacy-policy","status":"publish","type":"page","link":"https:\/\/bayer-psychotherapie.de\/?page_id=3","title":{"rendered":"<strong>Kontakt\/Impressum<\/strong>"},"content":{"rendered":"\n<p>Verantwortlich f\u00fcr diese Seiten i. S. d. \u00a76 TDG und \u00a76 MDStV ist Dipl.-Psych. Aledxandra Bayer. Sie wurden nach bestem Wissen unter Ausschluss jeglicher Gew\u00e4hrleistung erstellt. F\u00fcr Darstellungen, Inhalte oder Verweise verlinkter Internetseiten wird keine Verantwortung \u00fcbernommen. &nbsp;<\/p>\n\n\n\n<p>Die Approbation als Psychologische Psychotherapeutin wurde durch das Landesamt f\u00fcr Gesundheit und Soziales Berlin verliehen. Die Approbation berechtigt den Psychologischen Psychotherapeuten zur Aus\u00fcbung der heilkundlichen Psychotherapie im Sinne des \u00a7 1 Abs. 3 Satz 1 des Psychotherapeutengesetzes.&nbsp; &nbsp;<\/p>\n\n\n\n<p>Der Arztregistereintrag erfolgte durch die Kassen\u00e4rztliche Vereinigung Berlin unter der Arztregisternummer 29656<\/p>\n\n\n\n<p>Zust\u00e4ndige Aufsichtsbeh\u00f6rde ist die <a href=\"http:\/\/www.psychotherapeutenkammer-berlin.de\/\"><strong>Psychotherapeutenkammer Berlin<\/strong><\/a>, bei der auch die Berufsordnung eingesehen werden kann.\u00a0 \u00a0<\/p>\n\n\n\n<p>Die Betreiberin dieser Seiten nimmt den Schutz Ihrer pers\u00f6nlichen Daten sehr ernst. Wir behandeln Ihre personenbezogenen Daten vertraulich und entsprechend der gesetzlichen Datenschutzvorschriften sowie dieser Datenschutzerkl\u00e4rung. Die Nutzung unserer Webseite ist in der Regel ohne Angabe personenbezogener Daten m\u00f6glich. Soweit auf unseren Seiten personenbezogene Daten (beispielsweise Name, Anschrift oder E-Mail-Adressen) erhoben werden, erfolgt dies, soweit m\u00f6glich, stets auf freiwilliger Basis. Diese Daten werden ohne Ihre ausdr\u00fcckliche Zustimmung nicht an Dritte weitergegeben. Ich weise darauf hin, dass die Daten\u00fcbertragung im Internet (z.B. bei der Kommunikation per E-Mail) Sicherheitsl\u00fccken aufweisen kann. Ein l\u00fcckenloser Schutz der Daten vor dem Zugriff durch Dritte ist nicht m\u00f6glich.<\/p>\n","protected":false},"excerpt":{"rendered":"<p>Verantwortlich f\u00fcr diese Seiten i. S. d. \u00a76 TDG und \u00a76 MDStV ist Dipl.-Psych. Aledxandra Bayer. Sie wurden nach bestem Wissen unter Ausschluss jeglicher Gew\u00e4hrleistung erstellt. F\u00fcr Darstellungen, Inhalte oder [&hellip;]<\/p>\n","protected":false},"author":1,"featured_media":0,"parent":7,"menu_order":0,"comment_status":"closed","ping_status":"open","template":"","meta":{"_EventAllDay":false,"_EventTimezone":"","_EventStartDate":"","_EventEndDate":"","_EventStartDateUTC":"","_EventEndDateUTC":"","_EventShowMap":false,"_EventShowMapLink":false,"_EventURL":"","_EventCost":"","_EventCostDescription":"","_EventCurrencySymbol":"","_EventCurrencyCode":"","_EventCurrencyPosition":"","_EventDateTimeSeparator":"","_EventTimeRangeSeparator":"","_EventOrganizerID":[],"_EventVenueID":0,"_OrganizerEmail":"","_OrganizerPhone":"","_OrganizerWebsite":"","_VenueAddress":"","_VenueCity":"","_VenueCountry":"","_VenueProvince":"","_VenueZip":"","_VenuePhone":"","_VenueURL":"","_VenueStateProvince":"","_VenueLat":"","_VenueLng":""},"_links":{"self":[{"href":"https:\/\/bayer-psychotherapie.de\/index.php?rest_route=\/wp\/v2\/pages\/3"}],"collection":[{"href":"https:\/\/bayer-psychotherapie.de\/index.php?rest_route=\/wp\/v2\/pages"}],"about":[{"href":"https:\/\/bayer-psychotherapie.de\/index.php?rest_route=\/wp\/v2\/types\/page"}],"author":[{"embeddable":true,"href":"https:\/\/bayer-psychotherapie.de\/index.php?rest_route=\/wp\/v2\/users\/1"}],"replies":[{"embeddable":true,"href":"https:\/\/bayer-psychotherapie.de\/index.php?rest_route=%2Fwp%2Fv2%2Fcomments&post=3"}],"version-history":[{"count":3,"href":"https:\/\/bayer-psychotherapie.de\/index.php?rest_route=\/wp\/v2\/pages\/3\/revisions"}],"predecessor-version":[{"id":90,"href":"https:\/\/bayer-psychotherapie.de\/index.php?rest_route=\/wp\/v2\/pages\/3\/revisions\/90"}],"up":[{"embeddable":true,"href":"https:\/\/bayer-psychotherapie.de\/index.php?rest_route=\/wp\/v2\/pages\/7"}],"wp:attachment":[{"href":"https:\/\/bayer-psychotherapie.de\/index.php?rest_route=%2Fwp%2Fv2%2Fmedia&parent=3"}],"curies":[{"name":"wp","href":"https:\/\/api.w.org\/{rel}","templated":true}]}}