{"id":60,"date":"2022-11-23T21:22:28","date_gmt":"2022-11-23T21:22:28","guid":{"rendered":"https:\/\/bayer-psychotherapie.de\/?page_id=60"},"modified":"2026-02-03T12:20:59","modified_gmt":"2026-02-03T12:20:59","slug":"modalitaeten-kosten","status":"publish","type":"page","link":"https:\/\/bayer-psychotherapie.de\/?page_id=60","title":{"rendered":"<strong>Modalit\u00e4ten\/Kosten<\/strong>"},"content":{"rendered":"\n<ul>\n<li>Keine langen Wartezeiten auf Termine.<\/li>\n\n\n\n<li>Eine Therapiesitzung von 50 Minuten.<\/li>\n\n\n\n<li>Termine k\u00f6nnen individuell und nach Bedarf ausgemacht werden.<\/li>\n<\/ul>\n\n\n\n<p><strong>Selbstzahler: <\/strong>Wenn Sie das Angebot selbst finanzieren m\u00f6chten, stelle ich in Anlehnung an die Geb\u00fchrenordnung f\u00fcr Psychotherapeuten (GOP\/2,8) ein Honorar von 122,40 Euro pro Sitzung (50 Minuten) in Rechnung.<\/p>\n\n\n\n<p><strong>Private Krankenversicherungen: <\/strong>\u00fcbernehmen dann die Kosten f\u00fcr eine Psychotherapie oder Krisenintervention, wenn dies Ihr individueller Vertrag so vorsieht. Genaue Informationen erhalten Sie von Ihrer Krankenversicherung. Gern berate ich Sie auch hierzu.&nbsp; &nbsp;<\/p>\n\n\n\n<p><strong>Beihilfe:<\/strong> Kosten f\u00fcr ambulante psychotherapeutische Leistungen sind gem\u00e4\u00df der Landesbeihilfeverordnung (LBhVO) beihilfef\u00e4hig, wenn wissenschaftlich anerkannte Verfahren zur Anwendung kommen. Die Verhaltenstherapie ist ein wissenschaftlich anerkanntes Richtlinienverfahren.<\/p>\n\n\n\n<p><strong>Gesetzliche Krankenversicherungen:<\/strong> k\u00f6nnen die Kosten f\u00fcr eine Psychotherapie oder Krisenintervention bei mir auf Antrag erstatten. Die Anzahl der Psychotherapeuten, die mit den gesetzlichen Krankenkassen direkt abrechnen k\u00f6nnen (sogenannte &#8222;Vertragstherapeuten&#8220; mit \u201eKassensitz\u201c) ist durch die Kassen\u00e4rztliche Vereinigung begrenzt. Da der Bedarf an Psychotherapie durch die begrenzt zugelassene Anzahl der Vertragstherapeuten jedoch nicht vollst\u00e4ndig gedeckt wird und sich f\u00fcr Patienten h\u00e4ufig sehr lange Wartezeiten ergeben, erlaubt \u00a713 Abs. 3 SGB V (Sozialgesetzbuch) die Kostenerstattung Ihrer Psychotherapie durch Ihre Krankenkasse auch in einer Privatpraxis, wie ich sie f\u00fchre. Mit der Approbation als Psychologische Psychotherapeutin und dem Eintrag im Arztregister der Kassen\u00e4rztlichen Vereinigung Berlin verf\u00fcge ich \u00fcber die vorausgesetzten Qualifikationen f\u00fcr die Abrechnung mit den gesetzlichen Krankenversicherungen. N\u00e4here Informationen zum Verfahren der Kostenerstattung erhalten Sie \u00fcber den <a href=\"http:\/\/www.bptk.de\/fileadmin\/user_upload\/News\/BPtk\/2012\/20120420\/BPtK_Ratgeber_Kostenerstattung.pdf\"><strong>Ratgeber der Psychotherapeutenkammer<\/strong><\/a>. Falls Sie sich f\u00fcr diese Variante entscheiden, berate ich Sie gern \u00fcber die Vorgehensweise der Beantragung.&nbsp; &nbsp;&nbsp;<\/p>\n\n\n\n<p><strong>Paartherapie: <\/strong>Eine Paartherapiesitzung dauert 90 Minuten und kostet 190 Euro. Die M\u00f6glichkeit einer Kosten\u00fcbernahme besteht in meiner Praxis nicht.<\/p>\n","protected":false},"excerpt":{"rendered":"<p>Selbstzahler: Wenn Sie das Angebot selbst finanzieren m\u00f6chten, stelle ich in Anlehnung an die Geb\u00fchrenordnung f\u00fcr Psychotherapeuten (GOP\/2,8) ein Honorar von 122,40 Euro pro Sitzung (50 Minuten) in Rechnung. Private [&hellip;]<\/p>\n","protected":false},"author":1,"featured_media":0,"parent":7,"menu_order":0,"comment_status":"closed","ping_status":"closed","template":"","meta":{"_EventAllDay":false,"_EventTimezone":"","_EventStartDate":"","_EventEndDate":"","_EventStartDateUTC":"","_EventEndDateUTC":"","_EventShowMap":false,"_EventShowMapLink":false,"_EventURL":"","_EventCost":"","_EventCostDescription":"","_EventCurrencySymbol":"","_EventCurrencyCode":"","_EventCurrencyPosition":"","_EventDateTimeSeparator":"","_EventTimeRangeSeparator":"","_EventOrganizerID":[],"_EventVenueID":0,"_OrganizerEmail":"","_OrganizerPhone":"","_OrganizerWebsite":"","_VenueAddress":"","_VenueCity":"","_VenueCountry":"","_VenueProvince":"","_VenueZip":"","_VenuePhone":"","_VenueURL":"","_VenueStateProvince":"","_VenueLat":"","_VenueLng":""},"_links":{"self":[{"href":"https:\/\/bayer-psychotherapie.de\/index.php?rest_route=\/wp\/v2\/pages\/60"}],"collection":[{"href":"https:\/\/bayer-psychotherapie.de\/index.php?rest_route=\/wp\/v2\/pages"}],"about":[{"href":"https:\/\/bayer-psychotherapie.de\/index.php?rest_route=\/wp\/v2\/types\/page"}],"author":[{"embeddable":true,"href":"https:\/\/bayer-psychotherapie.de\/index.php?rest_route=\/wp\/v2\/users\/1"}],"replies":[{"embeddable":true,"href":"https:\/\/bayer-psychotherapie.de\/index.php?rest_route=%2Fwp%2Fv2%2Fcomments&post=60"}],"version-history":[{"count":5,"href":"https:\/\/bayer-psychotherapie.de\/index.php?rest_route=\/wp\/v2\/pages\/60\/revisions"}],"predecessor-version":[{"id":91,"href":"https:\/\/bayer-psychotherapie.de\/index.php?rest_route=\/wp\/v2\/pages\/60\/revisions\/91"}],"up":[{"embeddable":true,"href":"https:\/\/bayer-psychotherapie.de\/index.php?rest_route=\/wp\/v2\/pages\/7"}],"wp:attachment":[{"href":"https:\/\/bayer-psychotherapie.de\/index.php?rest_route=%2Fwp%2Fv2%2Fmedia&parent=60"}],"curies":[{"name":"wp","href":"https:\/\/api.w.org\/{rel}","templated":true}]}}