{"id":7,"date":"2022-11-12T11:08:39","date_gmt":"2022-11-12T11:08:39","guid":{"rendered":"https:\/\/bayer-psychotherapie.de\/?page_id=7"},"modified":"2022-11-23T21:30:20","modified_gmt":"2022-11-23T21:30:20","slug":"willkommen-auf-https-bayer-psychotherapie-de","status":"publish","type":"page","link":"https:\/\/bayer-psychotherapie.de\/","title":{"rendered":"Willkommen"},"content":{"rendered":"\n<p><strong>Privatpraxis f\u00fcr Psychotherapie in Berlin-Mitte<\/strong><\/p>\n\n\n\n<p>Immer mehr Menschen suchen nach einer Unterst\u00fctzung in Krisen- und Stresssituationen. Die Hintergr\u00fcnde f\u00fcr die Suche nach einem Psychotherapeuten k\u00f6nnen dabei recht unterschiedlich sein. Nicht selten haben Betroffene den Eindruck, ihre emotionale Situation alleine nicht mehr bew\u00e4ltigen zu k\u00f6nnen.<\/p>\n\n\n\n<p>Gerne helfe ich Ihnen in meiner Praxis f\u00fcr Psychotherapie bei pers\u00f6nlichen Krisen und im Umgang mit kritischen Situationen.<\/p>\n\n\n\n<p>Dabei ist es mir besonders wichtig mit Ihnen gemeinsam nach einer L\u00f6sung zu suchen. Es sollen Ihnen Techniken und Methoden an die Hand gegeben werden, die Ihnen helfen Ihre Situation zu verstehen, erfolgreich mit ihr umgehen zu k\u00f6nnen und auch k\u00fcnftigen problemausl\u00f6senden Situationen besser gegen\u00fcberzutreten.<\/p>\n\n\n\n<p>Zufrieden sein ist gro\u00dfe Kunst<\/p>\n\n\n\n<p>Zufrieden scheinen blasser Dunst<\/p>\n\n\n\n<p>Zufrieden werden gro\u00dfes Gl\u00fcck<\/p>\n\n\n\n<p>Zufrieden bleiben Meistergl\u00fcck<\/p>\n\n\n\n<p>Meine Praxis in Berlin ist zentral gelegen und gut an den Nahverkehr angebunden. Wenn Sie mehr \u00fcber mich und meine Praxis erfahren m\u00f6chten, k\u00f6nnen Sie sich auch gerne pers\u00f6nlich an mich wenden.<\/p>\n","protected":false},"excerpt":{"rendered":"<p>Privatpraxis f\u00fcr Psychotherapie in Berlin-Mitte Immer mehr Menschen suchen nach einer Unterst\u00fctzung in Krisen- und Stresssituationen. Die Hintergr\u00fcnde f\u00fcr die Suche nach einem Psychotherapeuten k\u00f6nnen dabei recht unterschiedlich sein. Nicht [&hellip;]<\/p>\n","protected":false},"author":1,"featured_media":23,"parent":0,"menu_order":0,"comment_status":"closed","ping_status":"open","template":"","meta":{"_EventAllDay":false,"_EventTimezone":"","_EventStartDate":"","_EventEndDate":"","_EventStartDateUTC":"","_EventEndDateUTC":"","_EventShowMap":false,"_EventShowMapLink":false,"_EventURL":"","_EventCost":"","_EventCostDescription":"","_EventCurrencySymbol":"","_EventCurrencyCode":"","_EventCurrencyPosition":"","_EventDateTimeSeparator":"","_EventTimeRangeSeparator":"","_EventOrganizerID":[],"_EventVenueID":0,"_OrganizerEmail":"","_OrganizerPhone":"","_OrganizerWebsite":"","_VenueAddress":"","_VenueCity":"","_VenueCountry":"","_VenueProvince":"","_VenueZip":"","_VenuePhone":"","_VenueURL":"","_VenueStateProvince":"","_VenueLat":"","_VenueLng":""},"_links":{"self":[{"href":"https:\/\/bayer-psychotherapie.de\/index.php?rest_route=\/wp\/v2\/pages\/7"}],"collection":[{"href":"https:\/\/bayer-psychotherapie.de\/index.php?rest_route=\/wp\/v2\/pages"}],"about":[{"href":"https:\/\/bayer-psychotherapie.de\/index.php?rest_route=\/wp\/v2\/types\/page"}],"author":[{"embeddable":true,"href":"https:\/\/bayer-psychotherapie.de\/index.php?rest_route=\/wp\/v2\/users\/1"}],"replies":[{"embeddable":true,"href":"https:\/\/bayer-psychotherapie.de\/index.php?rest_route=%2Fwp%2Fv2%2Fcomments&post=7"}],"version-history":[{"count":2,"href":"https:\/\/bayer-psychotherapie.de\/index.php?rest_route=\/wp\/v2\/pages\/7\/revisions"}],"predecessor-version":[{"id":70,"href":"https:\/\/bayer-psychotherapie.de\/index.php?rest_route=\/wp\/v2\/pages\/7\/revisions\/70"}],"wp:featuredmedia":[{"embeddable":true,"href":"https:\/\/bayer-psychotherapie.de\/index.php?rest_route=\/wp\/v2\/media\/23"}],"wp:attachment":[{"href":"https:\/\/bayer-psychotherapie.de\/index.php?rest_route=%2Fwp%2Fv2%2Fmedia&parent=7"}],"curies":[{"name":"wp","href":"https:\/\/api.w.org\/{rel}","templated":true}]}}